{"id":375,"date":"2020-06-23T12:34:23","date_gmt":"2020-06-23T12:34:23","guid":{"rendered":"http:\/\/consto.themezinho.net\/?page_id=9"},"modified":"2024-06-10T16:06:32","modified_gmt":"2024-06-10T16:06:32","slug":"home","status":"publish","type":"page","link":"https:\/\/edilproject.al\/al\/","title":{"rendered":"Home"},"content":{"rendered":"<section class=\"content-section no-spacing\" ><div class=\"vc_row wpb_row vc_row-fluid vc_custom_1592942836378\"><div class=\"wpb_column vc_column_container vc_col-sm-12\"><div class=\"vc_column-inner vc_custom_1592942827926\"><div class=\"wpb_wrapper\"><header class=\"slider white-space-bottom\">\n  <div class=\"container\">\n    <div class=\"swiper-container slider-content\">\n      <div class=\"swiper-wrapper\">\n                <div class=\"swiper-slide\">\n          <div class=\"inner\">\n            <h2>\n              Paradise <b>on<\/b> Earth            <\/h2>\n            <p>\n              Ne nd\u00ebrtojm\u00eb ambiente banimi te p\u00ebrshtatshme p\u00ebr familjet tuaja.            <\/p>\n                        <a href=\"https:\/\/edilproject.al\/al\/project\/holiday-in-2\/\"> Holiday In 2 Resort  <i class=\"lni lni-arrow-right\"><\/i><\/a>\n                      <\/div>\n          <!-- end inner --> \n          \n        <\/div>\n        <!-- end swiper-slide -->\n        \n                <div class=\"swiper-slide\">\n          <div class=\"inner\">\n            <h2>\n              Bejme <b>Endrrat<\/b> Realitet            <\/h2>\n            <p>\n              Ne nd\u00ebrtojm\u00eb ambiente banimi te p\u00ebrshtatshme p\u00ebr familjet tuaja.            <\/p>\n                        <a href=\"https:\/\/edilproject.al\/al\/project\/holiday-in\/\"> Holiday In Resort <i class=\"lni lni-arrow-right\"><\/i><\/a>\n                      <\/div>\n          <!-- end inner --> \n          \n        <\/div>\n        <!-- end swiper-slide -->\n        \n                <div class=\"swiper-slide\">\n          <div class=\"inner\">\n            <h2>\n              Te Gjitha <b>Smart<\/b> Apartamente            <\/h2>\n            <p>\n              Ne nd\u00ebrtojm\u00eb ambiente banimi te p\u00ebrshtatshme p\u00ebr familjet tuaja.            <\/p>\n                        <a href=\"https:\/\/edilproject.al\/al\/project\/solis-residence\/\"> Solis Residence <i class=\"lni lni-arrow-right\"><\/i><\/a>\n                      <\/div>\n          <!-- end inner --> \n          \n        <\/div>\n        <!-- end swiper-slide -->\n        \n              <\/div>\n      <!-- end swiper-wrapper --> \n       <div class=\"controls\">\n        <div class=\"swiper-pagination\"><\/div>\n        <!-- end swiper-pagination -->\n        <div class=\"button-prev\"><i class=\"lni lni-arrow-left\"><\/i><\/div>\n        <!-- end button-prev -->\n        <div class=\"button-next\"><i class=\"lni lni-arrow-right\"><\/i><\/div>\n        <!-- end button-next --> \n      <\/div>\n      <!-- end controls --> \n    <\/div>\n    <!-- end swiper-container -->\n    \n    <div class=\"swiper-container slider-main\">\n      <div class=\"swiper-wrapper\">\n                <div class=\"swiper-slide\">\n          <div class=\"slide-image\" data-background=\"https:\/\/edilproject.al\/wp-content\/uploads\/2020\/06\/main.jpeg\"><\/div>\n        <\/div>\n        <!-- end swiper-slide -->\n        \n                <div class=\"swiper-slide\">\n          <div class=\"slide-image\" data-background=\"https:\/\/edilproject.al\/wp-content\/uploads\/2020\/06\/R2-1-scaled.jpg\"><\/div>\n        <\/div>\n        <!-- end swiper-slide -->\n        \n                <div class=\"swiper-slide\">\n          <div class=\"slide-image\" data-background=\"https:\/\/edilproject.al\/wp-content\/uploads\/2020\/06\/05287c63-fcf2-42ac-a2ca-64646c445fb7.jpg\"><\/div>\n        <\/div>\n        <!-- end swiper-slide -->\n        \n               \n        \n      <\/div>\n      <!-- end swiper-wrapper --> \n\t\t\t\t <div class=\"header-box\"> <b>25<\/b> <small>VITE EKSPERIENCE<\/small> <\/div>\n        <!-- end header-box --> \n           <\/div>\n    <!-- end swiper-container --> \n    \n  <\/div>\n  <!-- end container --> \n  \n<\/header>\n<\/div><\/div><\/div><\/div><\/section><section class=\"content-section\" ><div class=\"container\"><div class=\"vc_row wpb_row vc_row-fluid\"><div class=\"wpb_column vc_column_container vc_col-sm-12 vc_col-md-4\"><div class=\"vc_column-inner\"><div class=\"wpb_wrapper\"><div class=\"icon-content\" >\n  <figure> <img decoding=\"async\" src=\"https:\/\/edilproject.al\/wp-content\/uploads\/2020\/06\/icon01.png\" alt=\"icon01\"> <\/figure>\n    <h3>Ne planifikojm\u00eb me detaje<\/h3>\n    <small>\u00c7mimet p\u00ebr dizajn, kreativitet dhe inovacion n\u00eb internet<\/small> <a href=\"\">+<\/a> <\/div>\n<\/div><\/div><\/div><div class=\"wpb_column vc_column_container vc_col-sm-12 vc_col-md-4\"><div class=\"vc_column-inner\"><div class=\"wpb_wrapper\"><div class=\"icon-content\" >\n  <figure> <img decoding=\"async\" src=\"https:\/\/edilproject.al\/wp-content\/uploads\/2020\/06\/icon02.png\" alt=\"icon02\"> <\/figure>\n    <h3>Per ndertime futuriste<\/h3>\n    <small>Nj\u00ebzet e Pese pranvera n\u00eb frym\u00ebn e nd\u00ebrtimit te pasurive t\u00eb mundshme<\/small> <a href=\"\">+<\/a> <\/div>\n<\/div><\/div><\/div><div class=\"wpb_column vc_column_container vc_col-sm-12 vc_col-md-4\"><div class=\"vc_column-inner\"><div class=\"wpb_wrapper\"><div class=\"icon-content\" >\n  <figure> <img decoding=\"async\" src=\"https:\/\/edilproject.al\/wp-content\/uploads\/2020\/06\/icon03.png\" alt=\"icon03\"> <\/figure>\n    <h3>Ne bejme jetesen te bukur<\/h3>\n    <small>Projektimet tona afrojne siguri rehati dhe komoditet pergjate jetes<\/small> <a href=\"\">+<\/a> <\/div>\n<\/div><\/div><\/div><\/div><\/div><\/section><section class=\"content-section no-spacing\" ><div class=\"vc_row wpb_row vc_row-fluid vc_custom_1592992313760\"><div class=\"wpb_column vc_column_container vc_col-sm-12\"><div class=\"vc_column-inner\"><div class=\"wpb_wrapper\"><div class=\"vc_empty_space\"   style=\"height: 69px\"><span class=\"vc_empty_space_inner\"><\/span><\/div><\/div><\/div><\/div><\/div><\/section><section class=\"content-section white-space-bottom\" style=\"background-color: #f7f6f1;\"><div class=\"vc_row wpb_row vc_row-fluid vc_custom_1593002326565\"><div class=\"wpb_column vc_column_container vc_col-sm-12\"><div class=\"vc_column-inner\"><div class=\"wpb_wrapper\"><div class=\"container\"><div class=\"vc_row wpb_row vc_inner vc_row-fluid vc_custom_1592996341482\"><div class=\"wpb_column vc_column_container vc_col-sm-12 vc_col-md-7\"><div class=\"vc_column-inner vc_custom_1593002365639\"><div class=\"wpb_wrapper\"><div class=\"section-title   text-left\" >\n    <h6> PROJEKTET TONA <\/h6>\n      <h2>Projektet e Perfunduara<\/h2>\n  <\/div>\n<\/div><\/div><\/div><div class=\"wpb_column vc_column_container vc_col-sm-12 vc_col-md-5\"><div class=\"vc_column-inner vc_custom_1593002372445\"><div class=\"wpb_wrapper\">\n\t<div class=\"wpb_text_column wpb_content_element\" >\n\t\t<div class=\"wpb_wrapper\">\n\t\t\t<p>Portofoli yn\u00eb i larmish\u00ebm p\u00ebrfaq\u00ebson p\u00ebrvoj\u00ebn e dekadave t\u00eb nd\u00ebrtimit t\u00eb mb\u00ebshtetur nga nj\u00eb pasion p\u00ebr teknologjit\u00eb cil\u00ebsore dhe t\u00eb jasht\u00ebzakonshme t\u00eb industris\u00eb s\u00eb sh\u00ebrbimit ndaj klientit.<\/p>\n\n\t\t<\/div>\n\t<\/div>\n<\/div><\/div><\/div><\/div><\/div><div class=\"vc_row wpb_row vc_inner vc_row-fluid\"><div class=\"wpb_column vc_column_container vc_col-sm-12\"><div class=\"vc_column-inner vc_custom_1593002339240\"><div class=\"wpb_wrapper\"> \n\n\n\n\n\n    \n      <div class=\"swiper-container project-slider\" >\n        <div class=\"swiper-wrapper\">\n                              <div class=\"swiper-slide\">\n\t\t\t  \n\t\t\t    <figure class=\"project-box\">\n\t\t\t\t\t<a href=\"\/al\/project\/holiday-in\/\"> <img decoding=\"async\" src=\"https:\/\/edilproject.al\/wp-content\/uploads\/2022\/02\/R4-1_ccexpress.jpeg\" alt=\"Holiday In\"><\/a>\n          <figcaption>\n\t\t\t              <h5> Holiday In<\/h5>\n\t\t\t   \t\t\t  \n\t\t\t              <p>Nd\u00ebrtesa do t\u00eb hapet n\u00eb vitin 2024 dhe p\u00ebrfshin m\u00eb shum\u00eb se 350+ banesa<\/p>\n\t\t\t             <\/figcaption>\n        <\/figure>\n\t\t\t  \n\t\t\t  \n\t\t\t\n\t\t\t\n\t\t\t<\/div>\n          \n                                      <div class=\"swiper-slide\">\n\t\t\t  \n\t\t\t    <figure class=\"project-box\">\n\t\t\t\t\t<a href=\"\/al\/project\/solis-residence\/\"> <img decoding=\"async\" src=\"https:\/\/edilproject.al\/wp-content\/uploads\/2022\/02\/05287c63-fcf2-42ac-a2ca-64646c445fb7_ccexpress.jpeg\" alt=\"Solis Residence\"><\/a>\n          <figcaption>\n\t\t\t              <h5> Solis Residence<\/h5>\n\t\t\t   \t\t\t  \n\t\t\t              <p>Nd\u00ebrtesa eshte hapur n\u00eb vitin 2020 dhe p\u00ebrfshin m\u00eb shum\u00eb se 120+ banesa<\/p>\n\t\t\t             <\/figcaption>\n        <\/figure>\n\t\t\t  \n\t\t\t  \n\t\t\t\n\t\t\t\n\t\t\t<\/div>\n          \n                                      <div class=\"swiper-slide\">\n\t\t\t  \n\t\t\t    <figure class=\"project-box\">\n\t\t\t\t\t<a href=\"#\"> <img decoding=\"async\" src=\"https:\/\/edilproject.al\/wp-content\/uploads\/2022\/02\/colosseu_ccexpress.jpeg\" alt=\"Hotel Colosseo\"><\/a>\n          <figcaption>\n\t\t\t              <h5> Hotel Colosseo<\/h5>\n\t\t\t   \t\t\t  \n\t\t\t              <p>Nd\u00ebrtesa eshte hapur n\u00eb vitin 2020 dhe p\u00ebrfshin m\u00eb shum\u00eb se 120+ banesa<\/p>\n\t\t\t             <\/figcaption>\n        <\/figure>\n\t\t\t  \n\t\t\t  \n\t\t\t\n\t\t\t\n\t\t\t<\/div>\n          \n                          <\/div>\n       \n\t\t          <div class=\"swiper-pagination\"><\/div>\n\t\t  \t\t  \t\t  \n      <\/div>\n    \n\n\n\n\n\n\n\n\n<\/div><\/div><\/div><\/div><\/div><\/div><\/div><\/div><\/section><section class=\"content-section bg-image\" style=\"background: url(https:\/\/edilproject.al\/wp-content\/uploads\/2020\/06\/header-pattern.png) center no-repeat; background-color: #0b0b0b;\"><div class=\"container\"><div class=\"vc_row wpb_row vc_row-fluid\"><div class=\"wpb_column vc_column_container vc_col-sm-12\"><div class=\"vc_column-inner\"><div class=\"wpb_wrapper\"><\/div><\/div><\/div><\/div><\/div><\/section><section class=\"content-section white-space-top no-spacing\" style=\"background-color: #f7f6f1;\"><div class=\"container\"><div class=\"vc_row wpb_row vc_row-fluid\"><div class=\"wpb_column vc_column_container vc_col-sm-12\"><div class=\"vc_column-inner\"><div class=\"wpb_wrapper\"><div class=\"vc_empty_space\"   style=\"height: 39px\"><span class=\"vc_empty_space_inner\"><\/span><\/div><div class=\"vc_row wpb_row vc_inner vc_row-fluid\"><div class=\"wpb_column vc_column_container vc_col-sm-12\"><div class=\"vc_column-inner\"><div class=\"wpb_wrapper\">\n\t<div class=\"wpb_video_widget wpb_content_element vc_clearfix   vc_video-aspect-ratio-169 vc_video-el-width-100 vc_video-align-left\" >\n\t\t<div class=\"wpb_wrapper\">\n\t\t\t\n\t\t\t<div class=\"wpb_video_wrapper\"><iframe loading=\"lazy\" title=\"Kune Animacion 2\" width=\"640\" height=\"360\" src=\"https:\/\/www.youtube.com\/embed\/U2lNkx6_NUI?feature=oembed\" frameborder=\"0\" allow=\"accelerometer; autoplay; clipboard-write; encrypted-media; gyroscope; picture-in-picture; web-share\" referrerpolicy=\"strict-origin-when-cross-origin\" allowfullscreen><\/iframe><\/div>\n\t\t<\/div>\n\t<\/div>\n\n\t<div class=\"wpb_video_widget wpb_content_element vc_clearfix   vc_video-aspect-ratio-169 vc_video-el-width-100 vc_video-align-left\" >\n\t\t<div class=\"wpb_wrapper\">\n\t\t\t\n\t\t\t<div class=\"wpb_video_wrapper\"><iframe loading=\"lazy\" title=\"Kune full hd Shengjin\" width=\"640\" height=\"360\" src=\"https:\/\/www.youtube.com\/embed\/ob8cfjjO5mY?feature=oembed\" frameborder=\"0\" allow=\"accelerometer; autoplay; clipboard-write; encrypted-media; gyroscope; picture-in-picture; web-share\" referrerpolicy=\"strict-origin-when-cross-origin\" allowfullscreen><\/iframe><\/div>\n\t\t<\/div>\n\t<\/div>\n<\/div><\/div><\/div><\/div><div class=\"vc_row wpb_row vc_inner vc_row-fluid\"><div class=\"wpb_column vc_column_container vc_col-sm-12\"><div class=\"vc_column-inner vc_custom_1593020152184\"><div class=\"wpb_wrapper\"><\/div><\/div><\/div><\/div><\/div><\/div><\/div><\/div><\/div><\/section><section class=\"content-section\" style=\"background-color: #f7f6f1;\"><div class=\"container\"><div class=\"vc_row wpb_row vc_row-fluid\"><div class=\"wpb_column vc_column_container vc_col-sm-4 vc_col-md-2 vc_col-xs-6\"><div class=\"vc_column-inner\"><div class=\"wpb_wrapper\"><\/div><\/div><\/div><div class=\"wpb_column vc_column_container vc_col-sm-4 vc_col-md-2 vc_col-xs-6\"><div class=\"vc_column-inner\"><div class=\"wpb_wrapper\"><\/div><\/div><\/div><div class=\"wpb_column vc_column_container vc_col-sm-4 vc_col-md-2 vc_col-xs-6\"><div class=\"vc_column-inner\"><div class=\"wpb_wrapper\"><\/div><\/div><\/div><div class=\"wpb_column vc_column_container vc_col-sm-4 vc_col-md-2 vc_col-xs-6\"><div class=\"vc_column-inner\"><div class=\"wpb_wrapper\"><\/div><\/div><\/div><div class=\"wpb_column vc_column_container vc_col-sm-4 vc_col-md-2 vc_col-xs-6\"><div class=\"vc_column-inner\"><div class=\"wpb_wrapper\"><\/div><\/div><\/div><div class=\"wpb_column vc_column_container vc_col-sm-4 vc_col-md-2 vc_col-xs-6\"><div class=\"vc_column-inner\"><div class=\"wpb_wrapper\"><\/div><\/div><\/div><\/div><\/div><\/section><section class=\"content-section\" ><div class=\"vc_row wpb_row vc_row-fluid\"><div class=\"wpb_column vc_column_container vc_col-sm-12\"><div class=\"vc_column-inner\"><div class=\"wpb_wrapper\"><div class=\"vc_row wpb_row vc_inner vc_row-fluid\"><div class=\"wpb_column vc_column_container vc_col-sm-12\"><div class=\"vc_column-inner\"><div class=\"wpb_wrapper\"><div class=\"section-title\" >\n    <h6> FRIEND SALES TEAM <\/h6>\n      <h2>Sales Representives<\/h2>\n  <\/div>\n<\/div><\/div><\/div><\/div><div class=\"vc_row wpb_row vc_inner vc_row-fluid\"><div class=\"wpb_column vc_column_container vc_col-sm-3\"><div class=\"vc_column-inner\"><div class=\"wpb_wrapper\"><\/div><\/div><\/div><div class=\"wpb_column vc_column_container vc_col-sm-3\"><div class=\"vc_column-inner\"><div class=\"wpb_wrapper\"><div class=\"sales-team\" >\n  <figure> <img decoding=\"async\" src=\"https:\/\/edilproject.al\/wp-content\/uploads\/2022\/03\/pngfind.com-anonymous-png-298536.png\" alt=\"Sales Specialist   armandagjoni@edilproject.al\"> <\/figure>\n  <div class=\"infos\">\n        <h6>Armanda Gjoni<\/h6>\n            <small>Sales Specialist   armandagjoni@edilproject.al<\/small>\n            <b>+ 355 692 035 005<\/b>\n        <ul>\n            <li> <a href=\"#\"> <i class=\"lni lni-facebook-filled\"><\/i><\/a> <\/li>\n            <li> <a href=\"#\"> <i class=\"lni lni-twitter-original\"><\/i><\/a> <\/li>\n            <li> <a href=\"#\"> <i class=\"lni lni-instagram-original\"><\/i><\/a> <\/li>\n          <\/ul>\n  <\/div>\n<\/div>\n<\/div><\/div><\/div><div class=\"wpb_column vc_column_container vc_col-sm-3\"><div class=\"vc_column-inner\"><div class=\"wpb_wrapper\"><div class=\"sales-team\" >\n  <figure> <img decoding=\"async\" src=\"https:\/\/edilproject.al\/wp-content\/uploads\/2022\/03\/pngfind.com-anonymous-png-298536.png\" alt=\"Sales Specialist   danjelagjoni@edilproject.al\"> <\/figure>\n  <div class=\"infos\">\n        <h6>Danjela Gjoni<\/h6>\n            <small>Sales Specialist   danjelagjoni@edilproject.al<\/small>\n            <b>+ 355 692 020 608<\/b>\n        <ul>\n            <li> <a href=\"#\"> <i class=\"lni lni-facebook-filled\"><\/i><\/a> <\/li>\n            <li> <a href=\"#\"> <i class=\"lni lni-twitter-original\"><\/i><\/a> <\/li>\n            <li> <a href=\"#\"> <i class=\"lni lni-instagram-original\"><\/i><\/a> <\/li>\n          <\/ul>\n  <\/div>\n<\/div>\n<\/div><\/div><\/div><div class=\"wpb_column vc_column_container vc_col-sm-3\"><div class=\"vc_column-inner\"><div class=\"wpb_wrapper\"><\/div><\/div><\/div><\/div><\/div><\/div><\/div><\/div><\/section>","protected":false},"excerpt":{"rendered":"","protected":false},"author":1,"featured_media":0,"parent":0,"menu_order":0,"comment_status":"closed","ping_status":"closed","template":"page-builder.php","meta":{"_monsterinsights_skip_tracking":false,"_monsterinsights_sitenote_active":false,"_monsterinsights_sitenote_note":"","_monsterinsights_sitenote_category":0,"footnotes":""},"class_list":["post-375","page","type-page","status-publish","hentry"],"aioseo_notices":[],"acf":[],"_links":{"self":[{"href":"https:\/\/edilproject.al\/al\/wp-json\/wp\/v2\/pages\/375","targetHints":{"allow":["GET"]}}],"collection":[{"href":"https:\/\/edilproject.al\/al\/wp-json\/wp\/v2\/pages"}],"about":[{"href":"https:\/\/edilproject.al\/al\/wp-json\/wp\/v2\/types\/page"}],"author":[{"embeddable":true,"href":"https:\/\/edilproject.al\/al\/wp-json\/wp\/v2\/users\/1"}],"replies":[{"embeddable":true,"href":"https:\/\/edilproject.al\/al\/wp-json\/wp\/v2\/comments?post=375"}],"version-history":[{"count":34,"href":"https:\/\/edilproject.al\/al\/wp-json\/wp\/v2\/pages\/375\/revisions"}],"predecessor-version":[{"id":494,"href":"https:\/\/edilproject.al\/al\/wp-json\/wp\/v2\/pages\/375\/revisions\/494"}],"wp:attachment":[{"href":"https:\/\/edilproject.al\/al\/wp-json\/wp\/v2\/media?parent=375"}],"curies":[{"name":"wp","href":"https:\/\/api.w.org\/{rel}","templated":true}]}}